{"id":479,"date":"2018-06-06T09:41:23","date_gmt":"2018-06-06T09:41:23","guid":{"rendered":"https:\/\/www.aclegionela.com\/casos-reals\/"},"modified":"2022-02-10T10:37:47","modified_gmt":"2022-02-10T08:37:47","slug":"casos-reales","status":"publish","type":"page","link":"https:\/\/www.aclegionela.com\/es\/casos-reales\/","title":{"rendered":"Casos reales"},"content":{"rendered":"<p>[et_pb_section fb_built=\u00bb1&#8243; fullwidth=\u00bbon\u00bb _builder_version=\u00bb3.22&#8243; global_colors_info=\u00bb{}\u00bb][et_pb_fullwidth_header title=\u00bbActuaciones contra la legionela\u00bb _builder_version=\u00bb4.14.7&#8243; background_color=\u00bb#199454&#8243; background_layout=\u00bblight\u00bb hover_enabled=\u00bb0&#8243; global_colors_info=\u00bb{}\u00bb button_one_text_size__hover_enabled=\u00bboff\u00bb button_two_text_size__hover_enabled=\u00bboff\u00bb button_one_text_color__hover_enabled=\u00bboff\u00bb button_two_text_color__hover_enabled=\u00bboff\u00bb button_one_border_width__hover_enabled=\u00bboff\u00bb button_two_border_width__hover_enabled=\u00bboff\u00bb button_one_border_color__hover_enabled=\u00bboff\u00bb button_two_border_color__hover_enabled=\u00bboff\u00bb button_one_border_radius__hover_enabled=\u00bboff\u00bb button_two_border_radius__hover_enabled=\u00bboff\u00bb button_one_letter_spacing__hover_enabled=\u00bboff\u00bb button_two_letter_spacing__hover_enabled=\u00bboff\u00bb button_one_bg_color__hover_enabled=\u00bboff\u00bb button_two_bg_color__hover_enabled=\u00bboff\u00bb sticky_enabled=\u00bb0&#8243;][\/et_pb_fullwidth_header][\/et_pb_section][et_pb_section fb_built=\u00bb1&#8243; _builder_version=\u00bb4.14.7&#8243; global_colors_info=\u00bb{}\u00bb][et_pb_row column_structure=\u00bb2_3,1_3&#8243; _builder_version=\u00bb3.25&#8243; background_size=\u00bbinitial\u00bb background_position=\u00bbtop_left\u00bb background_repeat=\u00bbrepeat\u00bb global_colors_info=\u00bb{}\u00bb][et_pb_column type=\u00bb2_3&#8243; _builder_version=\u00bb3.25&#8243; custom_padding=\u00bb|||\u00bb global_colors_info=\u00bb{}\u00bb custom_padding__hover=\u00bb|||\u00bb][et_pb_text _builder_version=\u00bb4.14.7&#8243; hover_enabled=\u00bb0&#8243; global_colors_info=\u00bb{}\u00bb sticky_enabled=\u00bb0&#8243;]<\/p>\n<p>Durante nuestros m\u00e1s de veinte a\u00f1os de experiencia en ACLegionel\u00b7la hemos realizado numerosas actuaciones contra la legionela en instalaciones que requer\u00edan de servicios de prevenci\u00f3n o desinfecci\u00f3n.<\/p>\n<p>A lo largo de todos estos a\u00f1os han confiado en nosotros numerosas empresas, tanto del sector p\u00fablico como privado, que avalan nuestra trayectoria profesional a la hora de ofrecer soluciones innovadoras contra la legionela: desde planes de mantenimiento hasta planes adaptados a las necesidades de cada cliente.<\/p>\n<p>En este apartado puede ver varios casos reales de actuaciones contra la legionela realizados por nuestro equipo t\u00e9cnico, desde limpieza de dep\u00f3sitos y de aireadores hasta planes de choque en instalaciones deportivas.<\/p>\n<p>[\/et_pb_text][\/et_pb_column][et_pb_column type=\u00bb1_3&#8243; _builder_version=\u00bb3.25&#8243; custom_padding=\u00bb|||\u00bb global_colors_info=\u00bb{}\u00bb custom_padding__hover=\u00bb|||\u00bb][\/et_pb_column][\/et_pb_row][et_pb_row column_structure=\u00bb3_4,1_4&#8243; _builder_version=\u00bb4.14.7&#8243; custom_padding=\u00bb||0px|\u00bb global_colors_info=\u00bb{}\u00bb][et_pb_column type=\u00bb3_4&#8243; module_class=\u00bbcasos-reals-grid-col\u00bb _builder_version=\u00bb3.25&#8243; custom_padding=\u00bb|||\u00bb global_colors_info=\u00bb{}\u00bb custom_padding__hover=\u00bb|||\u00bb][et_pb_gallery gallery_ids=\u00bb548,547,549,546,550,551&#8243; posts_number=\u00bb6&#8243; show_pagination=\u00bboff\u00bb _builder_version=\u00bb4.14.7&#8243; pagination_font_size_tablet=\u00bb51&#8243; pagination_line_height_tablet=\u00bb2&#8243; global_colors_info=\u00bb{}\u00bb][\/et_pb_gallery][\/et_pb_column][et_pb_column type=\u00bb1_4&#8243; module_class=\u00bbcasos-reals-grid-col\u00bb _builder_version=\u00bb3.25&#8243; custom_padding=\u00bb|||\u00bb global_colors_info=\u00bb{}\u00bb custom_padding__hover=\u00bb|||\u00bb][\/et_pb_column][\/et_pb_row][\/et_pb_section][et_pb_section fb_built=\u00bb1&#8243; fullwidth=\u00bbon\u00bb _builder_version=\u00bb3.21&#8243; global_module=\u00bb383&#8243; global_colors_info=\u00bb{}\u00bb][et_pb_fullwidth_code _builder_version=\u00bb3.21&#8243; global_colors_info=\u00bb{}\u00bb]<\/p>\n<div class=\"full-width-cta\"><!-- [et_pb_line_break_holder] --><\/p>\n<div class=\"container\"><!-- [et_pb_line_break_holder] --><\/p>\n<h3> Tens problemes amb la legionel\u00b7la o creus que en pots tenir?<\/h3>\n<p><!-- [et_pb_line_break_holder] --><\/p>\n<h4 style=\"padding:10px 0;color:#fff;font-weight:normal;\">Escriu-nos a trav\u00e9s del formulari o b\u00e9 truca&#8217;ns al 977 44 53 39<\/h4>\n<p>    <!-- [et_pb_line_break_holder] --><pee><a href=\"https:\/\/www.aclegionela.com\/es\/contacto\/\" class=\"button-full-width-cta\">CONTACTA<\/a><\/pee>          <!-- [et_pb_line_break_holder] -->\t<\/div>\n<p><!-- [et_pb_line_break_holder] --><\/div>\n<p>[\/et_pb_fullwidth_code][\/et_pb_section]<\/p>\n","protected":false},"excerpt":{"rendered":"<p>Durante nuestros m\u00e1s de veinte a\u00f1os de experiencia en ACLegionel\u00b7la hemos realizado numerosas actuaciones contra la legionela en instalaciones que requer\u00edan de servicios de prevenci\u00f3n o desinfecci\u00f3n. A lo largo de todos estos a\u00f1os han confiado en nosotros numerosas empresas, tanto del sector p\u00fablico como privado, que avalan nuestra trayectoria profesional a la hora de [&hellip;]<\/p>\n","protected":false},"author":2,"featured_media":0,"parent":0,"menu_order":0,"comment_status":"closed","ping_status":"closed","template":"","meta":{"_et_pb_use_builder":"on","_et_pb_old_content":"","_et_gb_content_width":"","footnotes":""},"class_list":["post-479","page","type-page","status-publish","hentry"],"yoast_head":"<!-- This site is optimized with the Yoast SEO plugin v27.5 - https:\/\/yoast.com\/product\/yoast-seo-wordpress\/ -->\n<title>Casos reales | Actuaciones contra la legionela | ACLegionel\u00b7la<\/title>\n<meta name=\"description\" content=\"Aqu\u00ed puede ver casos reales de actuaciones contra la legionela realizados por nuestro equipo t\u00e9cnico: desde limpieza de dep\u00f3sitos hasta planes de choque.\" \/>\n<meta name=\"robots\" content=\"index, follow, max-snippet:-1, max-image-preview:large, max-video-preview:-1\" \/>\n<link rel=\"canonical\" href=\"https:\/\/www.aclegionela.com\/es\/casos-reales\/\" \/>\n<meta property=\"og:locale\" content=\"es_ES\" \/>\n<meta property=\"og:type\" content=\"article\" \/>\n<meta property=\"og:title\" content=\"Casos reales | Actuaciones contra la legionela | ACLegionel\u00b7la\" \/>\n<meta property=\"og:description\" content=\"Aqu\u00ed puede ver casos reales de actuaciones contra la legionela realizados por nuestro equipo t\u00e9cnico: desde limpieza de dep\u00f3sitos hasta planes de choque.\" \/>\n<meta property=\"og:url\" content=\"https:\/\/www.aclegionela.com\/es\/casos-reales\/\" \/>\n<meta property=\"og:site_name\" content=\"ACLegionela\" \/>\n<meta property=\"article:modified_time\" content=\"2022-02-10T08:37:47+00:00\" \/>\n<meta name=\"twitter:card\" content=\"summary_large_image\" \/>\n<meta name=\"twitter:label1\" content=\"Tiempo de lectura\" \/>\n\t<meta name=\"twitter:data1\" content=\"2 minutos\" \/>\n<script type=\"application\/ld+json\" class=\"yoast-schema-graph\">{\"@context\":\"https:\\\/\\\/schema.org\",\"@graph\":[{\"@type\":\"WebPage\",\"@id\":\"https:\\\/\\\/www.aclegionela.com\\\/es\\\/casos-reales\\\/\",\"url\":\"https:\\\/\\\/www.aclegionela.com\\\/es\\\/casos-reales\\\/\",\"name\":\"Casos reales | Actuaciones contra la legionela | ACLegionel\u00b7la\",\"isPartOf\":{\"@id\":\"https:\\\/\\\/www.aclegionela.com\\\/#website\"},\"datePublished\":\"2018-06-06T09:41:23+00:00\",\"dateModified\":\"2022-02-10T08:37:47+00:00\",\"description\":\"Aqu\u00ed puede ver casos reales de actuaciones contra la legionela realizados por nuestro equipo t\u00e9cnico: desde limpieza de dep\u00f3sitos hasta planes de choque.\",\"breadcrumb\":{\"@id\":\"https:\\\/\\\/www.aclegionela.com\\\/es\\\/casos-reales\\\/#breadcrumb\"},\"inLanguage\":\"es\",\"potentialAction\":[{\"@type\":\"ReadAction\",\"target\":[\"https:\\\/\\\/www.aclegionela.com\\\/es\\\/casos-reales\\\/\"]}]},{\"@type\":\"BreadcrumbList\",\"@id\":\"https:\\\/\\\/www.aclegionela.com\\\/es\\\/casos-reales\\\/#breadcrumb\",\"itemListElement\":[{\"@type\":\"ListItem\",\"position\":1,\"name\":\"Portada\",\"item\":\"https:\\\/\\\/www.aclegionela.com\\\/es\\\/home\\\/\"},{\"@type\":\"ListItem\",\"position\":2,\"name\":\"Casos reales\"}]},{\"@type\":\"WebSite\",\"@id\":\"https:\\\/\\\/www.aclegionela.com\\\/#website\",\"url\":\"https:\\\/\\\/www.aclegionela.com\\\/\",\"name\":\"ACLegionela\",\"description\":\"Expertos en tratamientos de aguas y soluciones contra la legionela\",\"potentialAction\":[{\"@type\":\"SearchAction\",\"target\":{\"@type\":\"EntryPoint\",\"urlTemplate\":\"https:\\\/\\\/www.aclegionela.com\\\/?s={search_term_string}\"},\"query-input\":{\"@type\":\"PropertyValueSpecification\",\"valueRequired\":true,\"valueName\":\"search_term_string\"}}],\"inLanguage\":\"es\"}]}<\/script>\n<!-- \/ Yoast SEO plugin. -->","yoast_head_json":{"title":"Casos reales | Actuaciones contra la legionela | ACLegionel\u00b7la","description":"Aqu\u00ed puede ver casos reales de actuaciones contra la legionela realizados por nuestro equipo t\u00e9cnico: desde limpieza de dep\u00f3sitos hasta planes de choque.","robots":{"index":"index","follow":"follow","max-snippet":"max-snippet:-1","max-image-preview":"max-image-preview:large","max-video-preview":"max-video-preview:-1"},"canonical":"https:\/\/www.aclegionela.com\/es\/casos-reales\/","og_locale":"es_ES","og_type":"article","og_title":"Casos reales | Actuaciones contra la legionela | ACLegionel\u00b7la","og_description":"Aqu\u00ed puede ver casos reales de actuaciones contra la legionela realizados por nuestro equipo t\u00e9cnico: desde limpieza de dep\u00f3sitos hasta planes de choque.","og_url":"https:\/\/www.aclegionela.com\/es\/casos-reales\/","og_site_name":"ACLegionela","article_modified_time":"2022-02-10T08:37:47+00:00","twitter_card":"summary_large_image","twitter_misc":{"Tiempo de lectura":"2 minutos"},"schema":{"@context":"https:\/\/schema.org","@graph":[{"@type":"WebPage","@id":"https:\/\/www.aclegionela.com\/es\/casos-reales\/","url":"https:\/\/www.aclegionela.com\/es\/casos-reales\/","name":"Casos reales | Actuaciones contra la legionela | ACLegionel\u00b7la","isPartOf":{"@id":"https:\/\/www.aclegionela.com\/#website"},"datePublished":"2018-06-06T09:41:23+00:00","dateModified":"2022-02-10T08:37:47+00:00","description":"Aqu\u00ed puede ver casos reales de actuaciones contra la legionela realizados por nuestro equipo t\u00e9cnico: desde limpieza de dep\u00f3sitos hasta planes de choque.","breadcrumb":{"@id":"https:\/\/www.aclegionela.com\/es\/casos-reales\/#breadcrumb"},"inLanguage":"es","potentialAction":[{"@type":"ReadAction","target":["https:\/\/www.aclegionela.com\/es\/casos-reales\/"]}]},{"@type":"BreadcrumbList","@id":"https:\/\/www.aclegionela.com\/es\/casos-reales\/#breadcrumb","itemListElement":[{"@type":"ListItem","position":1,"name":"Portada","item":"https:\/\/www.aclegionela.com\/es\/home\/"},{"@type":"ListItem","position":2,"name":"Casos reales"}]},{"@type":"WebSite","@id":"https:\/\/www.aclegionela.com\/#website","url":"https:\/\/www.aclegionela.com\/","name":"ACLegionela","description":"Expertos en tratamientos de aguas y soluciones contra la legionela","potentialAction":[{"@type":"SearchAction","target":{"@type":"EntryPoint","urlTemplate":"https:\/\/www.aclegionela.com\/?s={search_term_string}"},"query-input":{"@type":"PropertyValueSpecification","valueRequired":true,"valueName":"search_term_string"}}],"inLanguage":"es"}]}},"_links":{"self":[{"href":"https:\/\/www.aclegionela.com\/es\/wp-json\/wp\/v2\/pages\/479","targetHints":{"allow":["GET"]}}],"collection":[{"href":"https:\/\/www.aclegionela.com\/es\/wp-json\/wp\/v2\/pages"}],"about":[{"href":"https:\/\/www.aclegionela.com\/es\/wp-json\/wp\/v2\/types\/page"}],"author":[{"embeddable":true,"href":"https:\/\/www.aclegionela.com\/es\/wp-json\/wp\/v2\/users\/2"}],"replies":[{"embeddable":true,"href":"https:\/\/www.aclegionela.com\/es\/wp-json\/wp\/v2\/comments?post=479"}],"version-history":[{"count":16,"href":"https:\/\/www.aclegionela.com\/es\/wp-json\/wp\/v2\/pages\/479\/revisions"}],"predecessor-version":[{"id":762,"href":"https:\/\/www.aclegionela.com\/es\/wp-json\/wp\/v2\/pages\/479\/revisions\/762"}],"wp:attachment":[{"href":"https:\/\/www.aclegionela.com\/es\/wp-json\/wp\/v2\/media?parent=479"}],"curies":[{"name":"wp","href":"https:\/\/api.w.org\/{rel}","templated":true}]}}