{"id":473,"date":"2018-06-06T09:39:57","date_gmt":"2018-06-06T09:39:57","guid":{"rendered":"https:\/\/www.aclegionela.com\/servicios\/"},"modified":"2022-03-10T12:51:33","modified_gmt":"2022-03-10T10:51:33","slug":"servicios","status":"publish","type":"page","link":"https:\/\/www.aclegionela.com\/es\/servicios\/","title":{"rendered":"Soluciones"},"content":{"rendered":"<p>[et_pb_section fb_built=\u00bb1&#8243; _builder_version=\u00bb4.14.7&#8243; _module_preset=\u00bbdefault\u00bb background_color=\u00bb#199454&#8243; global_colors_info=\u00bb{}\u00bb][et_pb_row _builder_version=\u00bb4.14.7&#8243; _module_preset=\u00bbdefault\u00bb custom_padding=\u00bb10px||0px||false|false\u00bb global_colors_info=\u00bb{}\u00bb][et_pb_column type=\u00bb4_4&#8243; _builder_version=\u00bb4.14.7&#8243; _module_preset=\u00bbdefault\u00bb global_colors_info=\u00bb{}\u00bb][et_pb_text _builder_version=\u00bb4.14.8&#8243; _module_preset=\u00bbdefault\u00bb hover_enabled=\u00bb0&#8243; global_colors_info=\u00bb{}\u00bb sticky_enabled=\u00bb0&#8243;]<\/p>\n<h1>SOLUCIONES en Tratamientos de aguas y legionela: Prevenci\u00f3n y desinfecci\u00f3n<\/h1>\n<p>[\/et_pb_text][\/et_pb_column][\/et_pb_row][\/et_pb_section][et_pb_section fb_built=\u00bb1&#8243; _builder_version=\u00bb3.22&#8243; global_colors_info=\u00bb{}\u00bb][et_pb_row column_structure=\u00bb2_3,1_3&#8243; _builder_version=\u00bb3.25&#8243; background_size=\u00bbinitial\u00bb background_position=\u00bbtop_left\u00bb background_repeat=\u00bbrepeat\u00bb global_colors_info=\u00bb{}\u00bb][et_pb_column type=\u00bb2_3&#8243; _builder_version=\u00bb3.25&#8243; custom_padding=\u00bb|||\u00bb global_colors_info=\u00bb{}\u00bb custom_padding__hover=\u00bb|||\u00bb][et_pb_text _builder_version=\u00bb4.14.7&#8243; global_colors_info=\u00bb{}\u00bb]<\/p>\n<p>En AC Legionel\u00b7la ofrecemos planes a medida para luchar contra las bacterias del agua y contra la legionelosis, desde planes de prevenci\u00f3n para evitar focos de legionela hasta planes de choque r\u00e1pidos y efectivos con avanzadas t\u00e9cnicas de saneamiento y desinfecci\u00f3n para todo tipo de edificaciones: viviendas, industrias, comercios, colegios, hospitales, hoteles, balnearios, centros deportivos&#8230;<\/p>\n<p>Los sistemas de distribuci\u00f3n de agua sanitaria fr\u00eda o caliente, las torres de refrigeraci\u00f3n, condensadores evaporativos y otros equipos que necesitan agua para funcionar pueden hacer de propagadores de aerosoles y suelen ser fuentes de infecci\u00f3n de legionela. Por eso la prevenci\u00f3n y la detecci\u00f3n a tiempo son la clave para evitar problemas de salubridad p\u00fablica y evitar elevados costes sanitarios, econ\u00f3micos y ambientales.<\/p>\n<p>En AC Legionel\u00b7la ejecutamos tratamientos para la prevenci\u00f3n y control de la legionelosis aplicando los protocolos higi\u00e9nico-sanitarios desarrollados en todo tipo de circuitos de riesgo:<\/p>\n<p>[\/et_pb_text][et_pb_text _builder_version=\u00bb3.27.4&#8243; global_colors_info=\u00bb{}\u00bb]<\/p>\n<div class=\"et_pb_row et_pb_row_0 lists_descontaminacions\">\n<div class=\"et_pb_column et_pb_column_1_2 et_pb_column_1\">\n<ul class=\"blurb\">\n<li>Limpieza y desinfecci\u00f3n de la construcci\u00f3n.<\/li>\n<li>Plan y gesti\u00f3n de anal\u00edticas de aguas.<\/li>\n<li>Dosificaci\u00f3n de los productos y biocidas pertinentes.<\/li>\n<li>Entrega de certificados y servicio de mantenimiento.<\/li>\n<li>Control higi\u00e9nico y revisiones posteriores.<\/li>\n<\/ul>\n<\/div>\n<div class=\"et_pb_column et_pb_column_1_2 et_pb_column_2\">\n<ul class=\"blurb\">\n<li>Confecci\u00f3n de diagn\u00f3stico y matriz de riesgo.<\/li>\n<li>Asesor\u00eda en caso de inspecciones sanitarias y auditor\u00edas internas.<\/li>\n<li>Restauraci\u00f3n y pintura de torres de refrigeraci\u00f3n.<\/li>\n<li>Cumplimiento \u00edntegro legal.<\/li>\n<li>Formaci\u00f3n pr\u00e1ctica al personal de mantenimiento.<\/li>\n<\/ul>\n<\/div>\n<\/div>\n<p>[\/et_pb_text][\/et_pb_column][et_pb_column type=\u00bb1_3&#8243; _builder_version=\u00bb3.25&#8243; custom_padding=\u00bb|||\u00bb global_colors_info=\u00bb{}\u00bb custom_padding__hover=\u00bb|||\u00bb][et_pb_image src=\u00bbhttps:\/\/www.aclegionela.com\/wp-content\/uploads\/2018\/05\/serveis.jpg\u00bb alt=\u00bbTractaments d\u2019aig\u00fces: serveis de detecci\u00f3 i prevenci\u00f3 contra la legionel\u00b7la\u00bb align_tablet=\u00bbcenter\u00bb align_phone=\u00bbcenter\u00bb align_last_edited=\u00bbon|desktop\u00bb _builder_version=\u00bb3.23&#8243; always_center_on_mobile=\u00bbon\u00bb global_colors_info=\u00bb{}\u00bb][\/et_pb_image][\/et_pb_column][\/et_pb_row][\/et_pb_section][et_pb_section fb_built=\u00bb1&#8243; _builder_version=\u00bb4.14.7&#8243; background_color=\u00bb#f7f7f7&#8243; locked=\u00bboff\u00bb global_colors_info=\u00bb{}\u00bb][et_pb_row column_structure=\u00bb2_3,1_3&#8243; _builder_version=\u00bb3.25&#8243; background_size=\u00bbinitial\u00bb background_position=\u00bbtop_left\u00bb background_repeat=\u00bbrepeat\u00bb global_colors_info=\u00bb{}\u00bb][et_pb_column type=\u00bb2_3&#8243; _builder_version=\u00bb3.25&#8243; custom_padding=\u00bb|||\u00bb global_colors_info=\u00bb{}\u00bb custom_padding__hover=\u00bb|||\u00bb][et_pb_text _builder_version=\u00bb4.14.8&#8243; _module_preset=\u00bbdefault\u00bb hover_enabled=\u00bb0&#8243; global_colors_info=\u00bb{}\u00bb sticky_enabled=\u00bb0&#8243;]<\/p>\n<h2>Instalaciones de riesgos de Legionella: Fuentes de infecci\u00f3n<\/h2>\n<p>[\/et_pb_text][et_pb_text _builder_version=\u00bb4.14.7&#8243; global_colors_info=\u00bb{}\u00bb]<\/p>\n<p>Existen una serie de <strong>instalaciones de riesgo de legionela<\/strong> identificadas como fuentes de infecci\u00f3n que requieren de un mantenimiento adecuado para eliminar o disminuir la concentraci\u00f3n de esta bacteria nociva para la salud de las personas.<\/p>\n<p>Las instalaciones que con mayor frecuencia se encuentran contaminadas con legionela son los sistemas de distribuci\u00f3n de agua sanitaria, caliente y fr\u00eda, y los equipos de enfriamiento de agua evaporativos, como las torres de refrigeraci\u00f3n y los condensadores evaporativos.<\/p>\n<p>Las <strong>situaciones de riesgo<\/strong> que favorecen el estancamiento de agua y la acumulaci\u00f3n de productos nutrientes de la bacteria Legionella pneumophila (como lodos, materia org\u00e1nica, materias de corrosi\u00f3n y amebas) forman una biocapa que provoca la multiplicaci\u00f3n de la legionela.<\/p>\n<p>Por ello, la normativa actual prev\u00e9 revisiones y controles obligatorios para evitar infecciones en tres tipos de instalaciones de riesgo de legionela:<\/p>\n<p>[\/et_pb_text][et_pb_text _builder_version=\u00bb3.27.4&#8243; global_colors_info=\u00bb{}\u00bb]<\/p>\n<ul class=\"blurb\">\n<li>Instalaciones de alto riesgo<\/li>\n<li>Instalaciones de riesgo<\/li>\n<li>Instalaciones de riesgo en terapia respiratoria<\/li>\n<\/ul>\n<p>[\/et_pb_text][\/et_pb_column][et_pb_column type=\u00bb1_3&#8243; _builder_version=\u00bb3.25&#8243; custom_padding=\u00bb|||\u00bb global_colors_info=\u00bb{}\u00bb custom_padding__hover=\u00bb|||\u00bb][et_pb_image src=\u00bbhttps:\/\/www.aclegionela.com\/wp-content\/uploads\/2018\/05\/instalacions-de-risc.jpg\u00bb alt=\u00bbSituacions de risc per legionel\u00b7la\u00bb align_tablet=\u00bbcenter\u00bb align_phone=\u00bbcenter\u00bb align_last_edited=\u00bbon|desktop\u00bb _builder_version=\u00bb3.23&#8243; always_center_on_mobile=\u00bbon\u00bb global_colors_info=\u00bb{}\u00bb][\/et_pb_image][\/et_pb_column][\/et_pb_row][et_pb_row column_structure=\u00bb1_2,1_2&#8243; _builder_version=\u00bb4.14.7&#8243; background_size=\u00bbinitial\u00bb background_position=\u00bbtop_left\u00bb background_repeat=\u00bbrepeat\u00bb custom_padding=\u00bb||0px||false|false\u00bb global_colors_info=\u00bb{}\u00bb][et_pb_column type=\u00bb1_2&#8243; _builder_version=\u00bb3.25&#8243; custom_padding=\u00bb|||\u00bb global_colors_info=\u00bb{}\u00bb custom_padding__hover=\u00bb|||\u00bb][et_pb_text _builder_version=\u00bb3.27.4&#8243; global_colors_info=\u00bb{}\u00bb]<\/p>\n<h2>Instalaciones de alto riesgo de legionela<\/h2>\n<ul class=\"blurb\">\n<li>Torres de refrigeraci\u00f3n, instalaciones que afectan el ambiente exterior de los edificios.<\/li>\n<li>Condensadores evaporativos, instalaciones que afectan el interior de los edificios: centrales humidificadoras industriales que generan aerosoles.<\/li>\n<li>Sistemas de agua caliente sanitaria con acumulador y circuito de retorno.<\/li>\n<li>Sistemas de agua caliente sanitaria con agitaci\u00f3n constante y recirculaci\u00f3n a trav\u00e9s de chorros de alta velocidad o la inyecci\u00f3n de aire (spas, jacuzzis, piscinas, vasos o ba\u00f1eras terap\u00e9uticas, ba\u00f1eras de hidromasaje, tratamiento con chorros a presi\u00f3n\u2026).<\/li>\n<li>Instalaciones termales.<\/li>\n<\/ul>\n<p>[\/et_pb_text][et_pb_text _builder_version=\u00bb3.27.4&#8243; global_colors_info=\u00bb{}\u00bb]<\/p>\n<h2>Instalaciones de riesgo de legionela en terapia respiratoria<\/h2>\n<ul class=\"blurb\">\n<li>Equipos de terapia respiratoria.<\/li>\n<li>Respiradores.<\/li>\n<li>Nebulizadores.<\/li>\n<li>Otros equipos m\u00e9dicos que entren en contacto con las v\u00edas respiratorias.<\/li>\n<\/ul>\n<p>[\/et_pb_text][\/et_pb_column][et_pb_column type=\u00bb1_2&#8243; _builder_version=\u00bb3.25&#8243; custom_padding=\u00bb|||\u00bb global_colors_info=\u00bb{}\u00bb custom_padding__hover=\u00bb|||\u00bb][et_pb_text _builder_version=\u00bb3.27.4&#8243; global_colors_info=\u00bb{}\u00bb]<\/p>\n<h2>Instalaciones de riesgo de legionela<\/h2>\n<ul class=\"blurb\">\n<li>Sistemas de instalaci\u00f3n interior de agua fr\u00eda de consumo humano (tuber\u00edas, dep\u00f3sitos, aljibes), cisternas o dep\u00f3sitos m\u00f3viles y agua caliente sanitaria sin regresi\u00f3n.<\/li>\n<li>Sistemas de agua de instalaciones interiores de edificios no previstos en el apartado anterior.<\/li>\n<li>Equipos de enfriamiento evaporativo que pulveriza agua, no incluidos en el grupo de instalaciones con alta probabilidad de proliferaci\u00f3n y dispersi\u00f3n de legionela.<\/li>\n<li>Humidificadores.<\/li>\n<li>Fuentes ornamentales.<\/li>\n<li>Sistemas de riego por aspersi\u00f3n en el medio urbano.<\/li>\n<li>Sistemas de agua contra incendios.<\/li>\n<li>Elementos de refrigeraci\u00f3n por aerosolizaci\u00f3n al aire libre.<\/li>\n<li>Otros aparatos que acumulen agua y puedan producir aerosoles.<\/li>\n<\/ul>\n<p>[\/et_pb_text][\/et_pb_column][\/et_pb_row][\/et_pb_section][et_pb_section fb_built=\u00bb1&#8243; fullwidth=\u00bbon\u00bb _builder_version=\u00bb3.21&#8243; global_module=\u00bb383&#8243; global_colors_info=\u00bb{}\u00bb][et_pb_fullwidth_code _builder_version=\u00bb3.21&#8243; global_colors_info=\u00bb{}\u00bb]<\/p>\n<div class=\"full-width-cta\"><!-- [et_pb_line_break_holder] --><\/p>\n<div class=\"container\"><!-- [et_pb_line_break_holder] --><\/p>\n<h3> Tens problemes amb la legionel\u00b7la o creus que en pots tenir?<\/h3>\n<p><!-- [et_pb_line_break_holder] --><\/p>\n<h4 style=\"padding:10px 0;color:#fff;font-weight:normal;\">Escriu-nos a trav\u00e9s del formulari o b\u00e9 truca&#8217;ns al 977 44 53 39<\/h4>\n<p>    <!-- [et_pb_line_break_holder] --><pee><a href=\"https:\/\/www.aclegionela.com\/contacta\/\" class=\"button-full-width-cta\">CONTACTA<\/a><\/pee>          <!-- [et_pb_line_break_holder] -->\t<\/div>\n<p><!-- [et_pb_line_break_holder] --><\/div>\n<p>[\/et_pb_fullwidth_code][\/et_pb_section]<\/p>\n","protected":false},"excerpt":{"rendered":"<p>SOLUCIONES en Tratamientos de aguas y legionela: Prevenci\u00f3n y desinfecci\u00f3nEn AC Legionel\u00b7la ofrecemos planes a medida para luchar contra las bacterias del agua y contra la legionelosis, desde planes de prevenci\u00f3n para evitar focos de legionela hasta planes de choque r\u00e1pidos y efectivos con avanzadas t\u00e9cnicas de saneamiento y desinfecci\u00f3n para todo tipo de edificaciones: [&hellip;]<\/p>\n","protected":false},"author":2,"featured_media":0,"parent":0,"menu_order":0,"comment_status":"closed","ping_status":"closed","template":"","meta":{"_et_pb_use_builder":"on","_et_pb_old_content":"","_et_gb_content_width":"","footnotes":""},"class_list":["post-473","page","type-page","status-publish","hentry"],"yoast_head":"<!-- This site is optimized with the Yoast SEO plugin v27.4 - https:\/\/yoast.com\/product\/yoast-seo-wordpress\/ -->\n<title>Soluciones | Tratamientos de aguas y legionela. Prevenci\u00f3n y desinfecci\u00f3n<\/title>\n<meta name=\"description\" content=\"Como expertos en tratamientos de aguas, en ACLegionel\u00b7la ofrecemos servicios de prevenci\u00f3n y desinfecci\u00f3n contra la legionelosis. Contacta con nosotros\" \/>\n<meta name=\"robots\" content=\"index, follow, max-snippet:-1, max-image-preview:large, max-video-preview:-1\" \/>\n<link rel=\"canonical\" href=\"https:\/\/www.aclegionela.com\/es\/servicios\/\" \/>\n<meta property=\"og:locale\" content=\"es_ES\" \/>\n<meta property=\"og:type\" content=\"article\" \/>\n<meta property=\"og:title\" content=\"Soluciones | Tratamientos de aguas y legionela. Prevenci\u00f3n y desinfecci\u00f3n\" \/>\n<meta property=\"og:description\" content=\"Como expertos en tratamientos de aguas, en ACLegionel\u00b7la ofrecemos servicios de prevenci\u00f3n y desinfecci\u00f3n contra la legionelosis. Contacta con nosotros\" \/>\n<meta property=\"og:url\" content=\"https:\/\/www.aclegionela.com\/es\/servicios\/\" \/>\n<meta property=\"og:site_name\" content=\"ACLegionela\" \/>\n<meta property=\"article:modified_time\" content=\"2022-03-10T10:51:33+00:00\" \/>\n<meta name=\"twitter:card\" content=\"summary_large_image\" \/>\n<meta name=\"twitter:label1\" content=\"Tiempo de lectura\" \/>\n\t<meta name=\"twitter:data1\" content=\"6 minutos\" \/>\n<script type=\"application\/ld+json\" class=\"yoast-schema-graph\">{\"@context\":\"https:\\\/\\\/schema.org\",\"@graph\":[{\"@type\":\"WebPage\",\"@id\":\"https:\\\/\\\/www.aclegionela.com\\\/es\\\/servicios\\\/\",\"url\":\"https:\\\/\\\/www.aclegionela.com\\\/es\\\/servicios\\\/\",\"name\":\"Soluciones | Tratamientos de aguas y legionela. Prevenci\u00f3n y desinfecci\u00f3n\",\"isPartOf\":{\"@id\":\"https:\\\/\\\/www.aclegionela.com\\\/#website\"},\"datePublished\":\"2018-06-06T09:39:57+00:00\",\"dateModified\":\"2022-03-10T10:51:33+00:00\",\"description\":\"Como expertos en tratamientos de aguas, en ACLegionel\u00b7la ofrecemos servicios de prevenci\u00f3n y desinfecci\u00f3n contra la legionelosis. Contacta con nosotros\",\"breadcrumb\":{\"@id\":\"https:\\\/\\\/www.aclegionela.com\\\/es\\\/servicios\\\/#breadcrumb\"},\"inLanguage\":\"es\",\"potentialAction\":[{\"@type\":\"ReadAction\",\"target\":[\"https:\\\/\\\/www.aclegionela.com\\\/es\\\/servicios\\\/\"]}]},{\"@type\":\"BreadcrumbList\",\"@id\":\"https:\\\/\\\/www.aclegionela.com\\\/es\\\/servicios\\\/#breadcrumb\",\"itemListElement\":[{\"@type\":\"ListItem\",\"position\":1,\"name\":\"Portada\",\"item\":\"https:\\\/\\\/www.aclegionela.com\\\/es\\\/home\\\/\"},{\"@type\":\"ListItem\",\"position\":2,\"name\":\"Soluciones\"}]},{\"@type\":\"WebSite\",\"@id\":\"https:\\\/\\\/www.aclegionela.com\\\/#website\",\"url\":\"https:\\\/\\\/www.aclegionela.com\\\/\",\"name\":\"ACLegionela\",\"description\":\"Expertos en tratamientos de aguas y soluciones contra la legionela\",\"potentialAction\":[{\"@type\":\"SearchAction\",\"target\":{\"@type\":\"EntryPoint\",\"urlTemplate\":\"https:\\\/\\\/www.aclegionela.com\\\/?s={search_term_string}\"},\"query-input\":{\"@type\":\"PropertyValueSpecification\",\"valueRequired\":true,\"valueName\":\"search_term_string\"}}],\"inLanguage\":\"es\"}]}<\/script>\n<!-- \/ Yoast SEO plugin. -->","yoast_head_json":{"title":"Soluciones | Tratamientos de aguas y legionela. Prevenci\u00f3n y desinfecci\u00f3n","description":"Como expertos en tratamientos de aguas, en ACLegionel\u00b7la ofrecemos servicios de prevenci\u00f3n y desinfecci\u00f3n contra la legionelosis. Contacta con nosotros","robots":{"index":"index","follow":"follow","max-snippet":"max-snippet:-1","max-image-preview":"max-image-preview:large","max-video-preview":"max-video-preview:-1"},"canonical":"https:\/\/www.aclegionela.com\/es\/servicios\/","og_locale":"es_ES","og_type":"article","og_title":"Soluciones | Tratamientos de aguas y legionela. Prevenci\u00f3n y desinfecci\u00f3n","og_description":"Como expertos en tratamientos de aguas, en ACLegionel\u00b7la ofrecemos servicios de prevenci\u00f3n y desinfecci\u00f3n contra la legionelosis. Contacta con nosotros","og_url":"https:\/\/www.aclegionela.com\/es\/servicios\/","og_site_name":"ACLegionela","article_modified_time":"2022-03-10T10:51:33+00:00","twitter_card":"summary_large_image","twitter_misc":{"Tiempo de lectura":"6 minutos"},"schema":{"@context":"https:\/\/schema.org","@graph":[{"@type":"WebPage","@id":"https:\/\/www.aclegionela.com\/es\/servicios\/","url":"https:\/\/www.aclegionela.com\/es\/servicios\/","name":"Soluciones | Tratamientos de aguas y legionela. Prevenci\u00f3n y desinfecci\u00f3n","isPartOf":{"@id":"https:\/\/www.aclegionela.com\/#website"},"datePublished":"2018-06-06T09:39:57+00:00","dateModified":"2022-03-10T10:51:33+00:00","description":"Como expertos en tratamientos de aguas, en ACLegionel\u00b7la ofrecemos servicios de prevenci\u00f3n y desinfecci\u00f3n contra la legionelosis. Contacta con nosotros","breadcrumb":{"@id":"https:\/\/www.aclegionela.com\/es\/servicios\/#breadcrumb"},"inLanguage":"es","potentialAction":[{"@type":"ReadAction","target":["https:\/\/www.aclegionela.com\/es\/servicios\/"]}]},{"@type":"BreadcrumbList","@id":"https:\/\/www.aclegionela.com\/es\/servicios\/#breadcrumb","itemListElement":[{"@type":"ListItem","position":1,"name":"Portada","item":"https:\/\/www.aclegionela.com\/es\/home\/"},{"@type":"ListItem","position":2,"name":"Soluciones"}]},{"@type":"WebSite","@id":"https:\/\/www.aclegionela.com\/#website","url":"https:\/\/www.aclegionela.com\/","name":"ACLegionela","description":"Expertos en tratamientos de aguas y soluciones contra la legionela","potentialAction":[{"@type":"SearchAction","target":{"@type":"EntryPoint","urlTemplate":"https:\/\/www.aclegionela.com\/?s={search_term_string}"},"query-input":{"@type":"PropertyValueSpecification","valueRequired":true,"valueName":"search_term_string"}}],"inLanguage":"es"}]}},"_links":{"self":[{"href":"https:\/\/www.aclegionela.com\/es\/wp-json\/wp\/v2\/pages\/473","targetHints":{"allow":["GET"]}}],"collection":[{"href":"https:\/\/www.aclegionela.com\/es\/wp-json\/wp\/v2\/pages"}],"about":[{"href":"https:\/\/www.aclegionela.com\/es\/wp-json\/wp\/v2\/types\/page"}],"author":[{"embeddable":true,"href":"https:\/\/www.aclegionela.com\/es\/wp-json\/wp\/v2\/users\/2"}],"replies":[{"embeddable":true,"href":"https:\/\/www.aclegionela.com\/es\/wp-json\/wp\/v2\/comments?post=473"}],"version-history":[{"count":19,"href":"https:\/\/www.aclegionela.com\/es\/wp-json\/wp\/v2\/pages\/473\/revisions"}],"predecessor-version":[{"id":831,"href":"https:\/\/www.aclegionela.com\/es\/wp-json\/wp\/v2\/pages\/473\/revisions\/831"}],"wp:attachment":[{"href":"https:\/\/www.aclegionela.com\/es\/wp-json\/wp\/v2\/media?parent=473"}],"curies":[{"name":"wp","href":"https:\/\/api.w.org\/{rel}","templated":true}]}}