{"id":167,"date":"2018-04-26T13:35:52","date_gmt":"2018-04-26T13:35:52","guid":{"rendered":"https:\/\/www.aclegionela.com\/home\/"},"modified":"2022-02-10T17:04:50","modified_gmt":"2022-02-10T15:04:50","slug":"home","status":"publish","type":"page","link":"https:\/\/www.aclegionela.com\/es\/","title":{"rendered":"Home"},"content":{"rendered":"<p>[et_pb_section fb_built=\u00bb1&#8243; custom_padding_last_edited=\u00bbon|phone\u00bb module_class=\u00bbhome__slide\u00bb _builder_version=\u00bb4.14.7&#8243; _module_preset=\u00bbdefault\u00bb background_image=\u00bbhttps:\/\/www.aclegionela.com\/wp-content\/uploads\/2018\/05\/seguretat.jpg\u00bb custom_padding=\u00bb94px||94px||false|false\u00bb custom_padding_tablet=\u00bb70px||70px||false|false\u00bb custom_padding_phone=\u00bb50px||50px||false|false\u00bb collapsed=\u00bbon\u00bb global_colors_info=\u00bb{}\u00bb][et_pb_row _builder_version=\u00bb4.14.7&#8243; _module_preset=\u00bbdefault\u00bb global_colors_info=\u00bb{}\u00bb][et_pb_column type=\u00bb4_4&#8243; _builder_version=\u00bb4.14.7&#8243; _module_preset=\u00bbdefault\u00bb global_colors_info=\u00bb{}\u00bb][et_pb_cta title=\u00bbExpertos en tratamientos de aguas y soluciones contra la legionela\u00bb button_url=\u00bbhttps:\/\/www.aclegionela.com\/es\/empresa\/\u00bb button_text=\u00bbConsulte nuestras soluciones\u00bb _builder_version=\u00bb4.14.7&#8243; _module_preset=\u00bbdefault\u00bb header_level=\u00bbh1&#8243; body_text_color=\u00bb#FFFFFF\u00bb background_enable_color=\u00bboff\u00bb custom_button=\u00bbon\u00bb button_text_size=\u00bb17px\u00bb button_bg_color=\u00bbRGBA(255,255,255,0)\u00bb button_border_radius=\u00bb30px\u00bb button_font=\u00bb|700|||||||\u00bb button_use_icon=\u00bboff\u00bb global_colors_info=\u00bb{}\u00bb button_border_color__hover_enabled=\u00bbon|hover\u00bb button_border_color__hover=\u00bb#FFFFFF\u00bb button_bg_color__hover_enabled=\u00bbon|hover\u00bb button_bg_color__hover=\u00bbrgba(0,0,0,0.3)\u00bb button_bg_enable_color__hover=\u00bbon\u00bb]<\/p>\n<p>Integramos Soluciones Innovadoras y Sostenibles<\/p>\n<p>[\/et_pb_cta][\/et_pb_column][\/et_pb_row][\/et_pb_section][et_pb_section fb_built=\u00bb1&#8243; module_id=\u00bbimages-row\u00bb module_class=\u00bbfirst-row-page\u00bb _builder_version=\u00bb3.22&#8243; custom_padding=\u00bb54px|0px|54px|0px\u00bb collapsed=\u00bboff\u00bb global_colors_info=\u00bb{}\u00bb][et_pb_row _builder_version=\u00bb3.25&#8243; background_size=\u00bbinitial\u00bb background_position=\u00bbtop_left\u00bb background_repeat=\u00bbrepeat\u00bb global_colors_info=\u00bb{}\u00bb][et_pb_column type=\u00bb4_4&#8243; _builder_version=\u00bb3.25&#8243; custom_padding=\u00bb|||\u00bb global_colors_info=\u00bb{}\u00bb custom_padding__hover=\u00bb|||\u00bb][et_pb_text module_class=\u00bbhome-text-div\u00bb _builder_version=\u00bb4.14.7&#8243; header_2_text_align=\u00bbcenter\u00bb hover_enabled=\u00bb0&#8243; global_colors_info=\u00bb{}\u00bb sticky_enabled=\u00bb0&#8243;]<\/p>\n<h2>Nuestras soluciones en tratamientos de aguas y lucha contra la legionela<\/h2>\n<p>En AC Legionel\u00b7la tenemos una dilatada experiencia en tratamientos de aguas y soluciones contra la legionela. Ofrecemos planes a medida, planes de choque y planes de prevenci\u00f3n para evitar la propagaci\u00f3n de la legionelosis con avanzadas t\u00e9cnicas de saneamiento y desinfecci\u00f3n para todo tipo de edificaciones. Apostamos siempre por las soluciones m\u00e1s seguras y respetuosas con el medio ambiente para disponer de un agua pura en todo momento.<\/p>\n<p><strong>Calidad &#8211; Servicio &#8211; Innovaci\u00f3n &#8211; Formaci\u00f3n \u2013 Seguridad<\/strong><\/p>\n<div class=\"inline-button-box\">\n  <a href=\"https:\/\/www.aclegionela.com\/es\/servicios\/\" class=\"button-full-width-cta button-secondary\">SOLUCIONES<\/a>\n<\/div>\n<p>[\/et_pb_text][\/et_pb_column][\/et_pb_row][\/et_pb_section][et_pb_section fb_built=\u00bb1&#8243; module_class=\u00bbhome__legionela\u00bb _builder_version=\u00bb4.14.7&#8243; background_image=\u00bbhttps:\/\/www.aclegionela.com\/wp-content\/uploads\/2018\/05\/section-empres.jpg\u00bb collapsed=\u00bbon\u00bb global_colors_info=\u00bb{}\u00bb][et_pb_row _builder_version=\u00bb4.14.7&#8243; _module_preset=\u00bbdefault\u00bb global_colors_info=\u00bb{}\u00bb][et_pb_column type=\u00bb4_4&#8243; _builder_version=\u00bb4.14.7&#8243; _module_preset=\u00bbdefault\u00bb global_colors_info=\u00bb{}\u00bb][et_pb_text _builder_version=\u00bb4.14.7&#8243; _module_preset=\u00bbdefault\u00bb header_2_text_align=\u00bbcenter\u00bb header_2_text_color=\u00bb#FFFFFF\u00bb global_colors_info=\u00bb{}\u00bb]<\/p>\n<h2>Combatimos con \u00c9xito a la Legionela<\/h2>\n<p>[\/et_pb_text][\/et_pb_column][\/et_pb_row][et_pb_row column_structure=\u00bb1_2,1_2&#8243; _builder_version=\u00bb4.14.7&#8243; global_colors_info=\u00bb{}\u00bb][et_pb_column type=\u00bb1_2&#8243; _builder_version=\u00bb4.14.7&#8243; custom_padding=\u00bb||||false|false\u00bb global_colors_info=\u00bb{}\u00bb custom_padding__hover=\u00bb|||\u00bb][et_pb_text _builder_version=\u00bb4.14.7&#8243; _module_preset=\u00bbdefault\u00bb text_text_color=\u00bb#FFFFFF\u00bb global_colors_info=\u00bb{}\u00bb]<\/p>\n<p>La <strong>legionela es una bacteria<\/strong> que vive habitualmente de forma natural en aguas superficiales (estanques, lagos, r\u00edos) y que forma parte de la flora bacteriana. En determinadas ocasiones, sin embargo, se puede llegar a propagar por los sistemas de abastecimiento de agua de las ciudades y originar la legionelosis.<\/p>\n<p>La <strong>legionelosis es una enfermedad<\/strong> bacteriana de origen ambiental que se contrae por la inhalaci\u00f3n de aerosoles contaminados que suelen emanar de torres de refrigeraci\u00f3n, sistemas de agua fr\u00eda y caliente, condensadores de evaporaci\u00f3n de aires acondicionados, humidificadores e instalaciones de hidromasaje, entre otros.<\/p>\n<p>[\/et_pb_text][\/et_pb_column][et_pb_column type=\u00bb1_2&#8243; _builder_version=\u00bb3.25&#8243; custom_padding=\u00bb|||\u00bb global_colors_info=\u00bb{}\u00bb custom_padding__hover=\u00bb|||\u00bb][et_pb_text _builder_version=\u00bb4.14.7&#8243; _module_preset=\u00bbdefault\u00bb global_colors_info=\u00bb{}\u00bb]<\/p>\n<p>La <strong>aerosolizaci\u00f3n<\/strong> del agua favorece la difusi\u00f3n de la bacteria Legionella pneumophila en las peque\u00f1as gotas de agua que se difunden por el medio ambiente, que pueden penetrar por inhalaci\u00f3n en el aparato respiratorio de las personas y manifestarse en dicha enfermedad.<\/p>\n<p>La infecci\u00f3n por la bacteria de la legionela puede ser adquirida en dos \u00e1mbitos: el comunitario y el hospitalario. En ambos casos la enfermedad de la legionelosis puede estar asociada a varios tipos de instalaciones, equipos y edificios. Puede presentarse en forma de brotes de legionela y en casos aislados o espor\u00e1dicos.<\/p>\n<p>[\/et_pb_text][\/et_pb_column][\/et_pb_row][et_pb_row _builder_version=\u00bb4.14.7&#8243; _module_preset=\u00bbdefault\u00bb global_colors_info=\u00bb{}\u00bb][et_pb_column type=\u00bb4_4&#8243; _builder_version=\u00bb4.14.7&#8243; _module_preset=\u00bbdefault\u00bb global_colors_info=\u00bb{}\u00bb][et_pb_button button_url=\u00bbhttps:\/\/www.aclegionela.com\/es\/empresa\/\u00bb button_text=\u00bbCon\u00f3cenos\u00bb button_alignment=\u00bbcenter\u00bb _builder_version=\u00bb4.14.7&#8243; _module_preset=\u00bbdefault\u00bb custom_button=\u00bbon\u00bb button_text_size=\u00bb18px\u00bb button_text_color=\u00bb#FFFFFF\u00bb button_bg_color=\u00bbRGBA(255,255,255,0)\u00bb button_border_color=\u00bb#FFFFFF\u00bb button_border_radius=\u00bb4px\u00bb button_font=\u00bb|600||on|||||\u00bb button_use_icon=\u00bboff\u00bb custom_padding=\u00bb7px|30px|7px|30px|false|true\u00bb global_colors_info=\u00bb{}\u00bb button_bg_color__hover_enabled=\u00bbon|hover\u00bb button_bg_color__hover=\u00bbrgba(255,255,255,0.2)\u00bb button_bg_enable_color__hover=\u00bbon\u00bb][\/et_pb_button][\/et_pb_column][\/et_pb_row][\/et_pb_section][et_pb_section fb_built=\u00bb1&#8243; _builder_version=\u00bb4.14.7&#8243; _module_preset=\u00bbdefault\u00bb collapsed=\u00bboff\u00bb global_colors_info=\u00bb{}\u00bb][et_pb_row _builder_version=\u00bb4.14.7&#8243; _module_preset=\u00bbdefault\u00bb global_colors_info=\u00bb{}\u00bb][et_pb_column type=\u00bb4_4&#8243; _builder_version=\u00bb4.14.7&#8243; _module_preset=\u00bbdefault\u00bb global_colors_info=\u00bb{}\u00bb][et_pb_text _builder_version=\u00bb4.14.7&#8243; _module_preset=\u00bbdefault\u00bb global_colors_info=\u00bb{}\u00bb]<\/p>\n<h2>Casos reales destacados<\/h2>\n<p>[\/et_pb_text][et_pb_gallery gallery_ids=\u00bb429,428,430,427&#8243; show_pagination=\u00bboff\u00bb _builder_version=\u00bb4.14.7&#8243; custom_margin=\u00bb||0px||false|false\u00bb pagination_font_size_tablet=\u00bb51&#8243; pagination_line_height_tablet=\u00bb2&#8243; locked=\u00bboff\u00bb global_colors_info=\u00bb{}\u00bb][\/et_pb_gallery][et_pb_button button_url=\u00bbhttps:\/\/www.aclegionela.com\/es\/casos-reales\/\u00bb button_text=\u00bbVer m\u00e1s\u00bb button_alignment=\u00bbcenter\u00bb _builder_version=\u00bb4.14.7&#8243; _module_preset=\u00bbdefault\u00bb custom_button=\u00bbon\u00bb button_text_size=\u00bb17px\u00bb button_text_color=\u00bb#FFFFFF\u00bb button_bg_color=\u00bb#199454&#8243; button_border_color=\u00bb#199454&#8243; button_border_radius=\u00bb30px\u00bb button_font=\u00bb|600||on|||||\u00bb button_use_icon=\u00bboff\u00bb global_colors_info=\u00bb{}\u00bb button_text_color__hover_enabled=\u00bbon|hover\u00bb button_text_color__hover=\u00bb#199454&#8243; button_bg_color__hover_enabled=\u00bbon|hover\u00bb button_bg_color__hover=\u00bb#FFFFFF\u00bb button_bg_enable_color__hover=\u00bbon\u00bb][\/et_pb_button][\/et_pb_column][\/et_pb_row][\/et_pb_section][et_pb_section fb_built=\u00bb1&#8243; fullwidth=\u00bbon\u00bb _builder_version=\u00bb3.21&#8243; global_module=\u00bb383&#8243; global_colors_info=\u00bb{}\u00bb][et_pb_fullwidth_code _builder_version=\u00bb3.21&#8243; global_colors_info=\u00bb{}\u00bb]<\/p>\n<div class=\"full-width-cta\"><!-- [et_pb_line_break_holder] --><\/p>\n<div class=\"container\"><!-- [et_pb_line_break_holder] --><\/p>\n<h3> Tens problemes amb la legionel\u00b7la o creus que en pots tenir?<\/h3>\n<p><!-- [et_pb_line_break_holder] --><\/p>\n<h4 style=\"padding:10px 0;color:#fff;font-weight:normal;\">Escriu-nos a trav\u00e9s del formulari o b\u00e9 truca&#8217;ns al 977 44 53 39<\/h4>\n<p>    <!-- [et_pb_line_break_holder] --><pee><a href=\"https:\/\/www.aclegionela.com\/es\/contacto\/\" class=\"button-full-width-cta\">CONTACTA<\/a><\/pee>          <!-- [et_pb_line_break_holder] -->\t<\/div>\n<p><!-- [et_pb_line_break_holder] --><\/div>\n<p>[\/et_pb_fullwidth_code][\/et_pb_section]<\/p>\n","protected":false},"excerpt":{"rendered":"<p>Integramos Soluciones Innovadoras y SosteniblesNuestras soluciones en tratamientos de aguas y lucha contra la legionela En AC Legionel\u00b7la tenemos una dilatada experiencia en tratamientos de aguas y soluciones contra la legionela. Ofrecemos planes a medida, planes de choque y planes de prevenci\u00f3n para evitar la propagaci\u00f3n de la legionelosis con avanzadas t\u00e9cnicas de saneamiento y [&hellip;]<\/p>\n","protected":false},"author":2,"featured_media":0,"parent":0,"menu_order":0,"comment_status":"closed","ping_status":"closed","template":"","meta":{"_et_pb_use_builder":"on","_et_pb_old_content":"","_et_gb_content_width":"","footnotes":""},"class_list":["post-167","page","type-page","status-publish","hentry"],"yoast_head":"<!-- This site is optimized with the Yoast SEO plugin v27.3 - https:\/\/yoast.com\/product\/yoast-seo-wordpress\/ -->\n<title>AC Legionela, expertos en soluciones y tratamientos contra la legionela<\/title>\n<meta name=\"description\" content=\"En AC Legionela somos especialistas en tratamientos de aguas y soluciones contra la legionela. Si tienes problemas con la legionela, contacta con nosotros.\" \/>\n<meta name=\"robots\" content=\"index, follow, max-snippet:-1, max-image-preview:large, max-video-preview:-1\" \/>\n<link rel=\"canonical\" href=\"https:\/\/www.aclegionela.com\/es\/home\/\" \/>\n<meta property=\"og:locale\" content=\"es_ES\" \/>\n<meta property=\"og:type\" content=\"article\" \/>\n<meta property=\"og:title\" content=\"AC Legionela, expertos en soluciones y tratamientos contra la legionela\" \/>\n<meta property=\"og:description\" content=\"En AC Legionela somos especialistas en tratamientos de aguas y soluciones contra la legionela. Si tienes problemas con la legionela, contacta con nosotros.\" \/>\n<meta property=\"og:url\" content=\"https:\/\/www.aclegionela.com\/es\/home\/\" \/>\n<meta property=\"og:site_name\" content=\"ACLegionela\" \/>\n<meta property=\"article:modified_time\" content=\"2022-02-10T15:04:50+00:00\" \/>\n<meta name=\"twitter:card\" content=\"summary_large_image\" \/>\n<meta name=\"twitter:label1\" content=\"Tiempo de lectura\" \/>\n\t<meta name=\"twitter:data1\" content=\"5 minutos\" \/>\n<script type=\"application\/ld+json\" class=\"yoast-schema-graph\">{\"@context\":\"https:\\\/\\\/schema.org\",\"@graph\":[{\"@type\":\"WebPage\",\"@id\":\"https:\\\/\\\/www.aclegionela.com\\\/es\\\/home\\\/\",\"url\":\"https:\\\/\\\/www.aclegionela.com\\\/es\\\/home\\\/\",\"name\":\"AC Legionela, expertos en soluciones y tratamientos contra la legionela\",\"isPartOf\":{\"@id\":\"https:\\\/\\\/www.aclegionela.com\\\/#website\"},\"datePublished\":\"2018-04-26T13:35:52+00:00\",\"dateModified\":\"2022-02-10T15:04:50+00:00\",\"description\":\"En AC Legionela somos especialistas en tratamientos de aguas y soluciones contra la legionela. Si tienes problemas con la legionela, contacta con nosotros.\",\"breadcrumb\":{\"@id\":\"https:\\\/\\\/www.aclegionela.com\\\/es\\\/home\\\/#breadcrumb\"},\"inLanguage\":\"es\",\"potentialAction\":[{\"@type\":\"ReadAction\",\"target\":[\"https:\\\/\\\/www.aclegionela.com\\\/es\\\/home\\\/\"]}]},{\"@type\":\"BreadcrumbList\",\"@id\":\"https:\\\/\\\/www.aclegionela.com\\\/es\\\/home\\\/#breadcrumb\",\"itemListElement\":[{\"@type\":\"ListItem\",\"position\":1,\"name\":\"Portada\",\"item\":\"https:\\\/\\\/www.aclegionela.com\\\/es\\\/home\\\/\"},{\"@type\":\"ListItem\",\"position\":2,\"name\":\"Home\"}]},{\"@type\":\"WebSite\",\"@id\":\"https:\\\/\\\/www.aclegionela.com\\\/#website\",\"url\":\"https:\\\/\\\/www.aclegionela.com\\\/\",\"name\":\"ACLegionela\",\"description\":\"Expertos en tratamientos de aguas y soluciones contra la legionela\",\"potentialAction\":[{\"@type\":\"SearchAction\",\"target\":{\"@type\":\"EntryPoint\",\"urlTemplate\":\"https:\\\/\\\/www.aclegionela.com\\\/?s={search_term_string}\"},\"query-input\":{\"@type\":\"PropertyValueSpecification\",\"valueRequired\":true,\"valueName\":\"search_term_string\"}}],\"inLanguage\":\"es\"}]}<\/script>\n<!-- \/ Yoast SEO plugin. -->","yoast_head_json":{"title":"AC Legionela, expertos en soluciones y tratamientos contra la legionela","description":"En AC Legionela somos especialistas en tratamientos de aguas y soluciones contra la legionela. Si tienes problemas con la legionela, contacta con nosotros.","robots":{"index":"index","follow":"follow","max-snippet":"max-snippet:-1","max-image-preview":"max-image-preview:large","max-video-preview":"max-video-preview:-1"},"canonical":"https:\/\/www.aclegionela.com\/es\/home\/","og_locale":"es_ES","og_type":"article","og_title":"AC Legionela, expertos en soluciones y tratamientos contra la legionela","og_description":"En AC Legionela somos especialistas en tratamientos de aguas y soluciones contra la legionela. Si tienes problemas con la legionela, contacta con nosotros.","og_url":"https:\/\/www.aclegionela.com\/es\/home\/","og_site_name":"ACLegionela","article_modified_time":"2022-02-10T15:04:50+00:00","twitter_card":"summary_large_image","twitter_misc":{"Tiempo de lectura":"5 minutos"},"schema":{"@context":"https:\/\/schema.org","@graph":[{"@type":"WebPage","@id":"https:\/\/www.aclegionela.com\/es\/home\/","url":"https:\/\/www.aclegionela.com\/es\/home\/","name":"AC Legionela, expertos en soluciones y tratamientos contra la legionela","isPartOf":{"@id":"https:\/\/www.aclegionela.com\/#website"},"datePublished":"2018-04-26T13:35:52+00:00","dateModified":"2022-02-10T15:04:50+00:00","description":"En AC Legionela somos especialistas en tratamientos de aguas y soluciones contra la legionela. Si tienes problemas con la legionela, contacta con nosotros.","breadcrumb":{"@id":"https:\/\/www.aclegionela.com\/es\/home\/#breadcrumb"},"inLanguage":"es","potentialAction":[{"@type":"ReadAction","target":["https:\/\/www.aclegionela.com\/es\/home\/"]}]},{"@type":"BreadcrumbList","@id":"https:\/\/www.aclegionela.com\/es\/home\/#breadcrumb","itemListElement":[{"@type":"ListItem","position":1,"name":"Portada","item":"https:\/\/www.aclegionela.com\/es\/home\/"},{"@type":"ListItem","position":2,"name":"Home"}]},{"@type":"WebSite","@id":"https:\/\/www.aclegionela.com\/#website","url":"https:\/\/www.aclegionela.com\/","name":"ACLegionela","description":"Expertos en tratamientos de aguas y soluciones contra la legionela","potentialAction":[{"@type":"SearchAction","target":{"@type":"EntryPoint","urlTemplate":"https:\/\/www.aclegionela.com\/?s={search_term_string}"},"query-input":{"@type":"PropertyValueSpecification","valueRequired":true,"valueName":"search_term_string"}}],"inLanguage":"es"}]}},"_links":{"self":[{"href":"https:\/\/www.aclegionela.com\/es\/wp-json\/wp\/v2\/pages\/167","targetHints":{"allow":["GET"]}}],"collection":[{"href":"https:\/\/www.aclegionela.com\/es\/wp-json\/wp\/v2\/pages"}],"about":[{"href":"https:\/\/www.aclegionela.com\/es\/wp-json\/wp\/v2\/types\/page"}],"author":[{"embeddable":true,"href":"https:\/\/www.aclegionela.com\/es\/wp-json\/wp\/v2\/users\/2"}],"replies":[{"embeddable":true,"href":"https:\/\/www.aclegionela.com\/es\/wp-json\/wp\/v2\/comments?post=167"}],"version-history":[{"count":63,"href":"https:\/\/www.aclegionela.com\/es\/wp-json\/wp\/v2\/pages\/167\/revisions"}],"predecessor-version":[{"id":787,"href":"https:\/\/www.aclegionela.com\/es\/wp-json\/wp\/v2\/pages\/167\/revisions\/787"}],"wp:attachment":[{"href":"https:\/\/www.aclegionela.com\/es\/wp-json\/wp\/v2\/media?parent=167"}],"curies":[{"name":"wp","href":"https:\/\/api.w.org\/{rel}","templated":true}]}}