{"id":147,"date":"2018-04-26T13:26:49","date_gmt":"2018-04-26T13:26:49","guid":{"rendered":"https:\/\/www.aclegionela.com\/empresa\/"},"modified":"2022-02-22T12:50:07","modified_gmt":"2022-02-22T10:50:07","slug":"empresa","status":"publish","type":"page","link":"https:\/\/www.aclegionela.com\/es\/empresa\/","title":{"rendered":"Qui\u00e9nes somos"},"content":{"rendered":"<p>[et_pb_section fb_built=\u00bb1&#8243; _builder_version=\u00bb4.14.8&#8243; _module_preset=\u00bbdefault\u00bb background_color=\u00bbrgba(0,0,0,0.5)\u00bb hover_enabled=\u00bb0&#8243; global_colors_info=\u00bb{}\u00bb title_text=\u00bbempresa-slider\u00bb background_image=\u00bbhttps:\/\/www.aclegionela.com\/wp-content\/uploads\/2022\/02\/empresa-slider.jpg\u00bb background_blend=\u00bbmultiply\u00bb sticky_enabled=\u00bb0&#8243;][et_pb_row _builder_version=\u00bb4.14.7&#8243; _module_preset=\u00bbdefault\u00bb custom_padding=\u00bb10px||0px||false|false\u00bb global_colors_info=\u00bb{}\u00bb][et_pb_column type=\u00bb4_4&#8243; _builder_version=\u00bb4.14.7&#8243; _module_preset=\u00bbdefault\u00bb global_colors_info=\u00bb{}\u00bb][et_pb_text _builder_version=\u00bb4.14.7&#8243; _module_preset=\u00bbdefault\u00bb global_colors_info=\u00bb{}\u00bb]<\/p>\n<h1>Qui\u00e9nes somos<\/h1>\n<p>[\/et_pb_text][\/et_pb_column][\/et_pb_row][\/et_pb_section][et_pb_section fb_built=\u00bb1&#8243; module_class=\u00bbfirst-row-page\u00bb _builder_version=\u00bb3.22&#8243; global_colors_info=\u00bb{}\u00bb][et_pb_row column_structure=\u00bb1_2,1_2&#8243; _builder_version=\u00bb3.25&#8243; global_colors_info=\u00bb{}\u00bb][et_pb_column type=\u00bb1_2&#8243; _builder_version=\u00bb3.25&#8243; custom_padding=\u00bb|||\u00bb global_colors_info=\u00bb{}\u00bb custom_padding__hover=\u00bb|||\u00bb][et_pb_text _builder_version=\u00bb4.14.7&#8243; global_colors_info=\u00bb{}\u00bb]<\/p>\n<p><strong>AC Legionel\u00b7la<\/strong> forma parte de la Unidad de Negocios de AC Mantenimient que tiene la misi\u00f3n de integrar soluciones innovadoras en el \u00e1mbito del <strong>tratamiento de aguas y lucha contra la legionela<\/strong>, con capacidad para asumir proyectos complejos de forma \u00e1gil, respondiendo as\u00ed a las necesidades del cliente con un equipo t\u00e9cnico, especializado y experto.<\/p>\n<p>Nuestro objetivo es asegurarles a nuestros clientes la calidad del agua para evitar la propagaci\u00f3n de bacterias que pueden provocar enfermedades como la legionelosis.<\/p>\n<p>Los trabajos de <strong>AC Legionel\u00b7la<\/strong> cubre el \u00e1mbito geogr\u00e1fico de todo el territorio catal\u00e1n y zonas de las comunidades aut\u00f3nomas de Arag\u00f3n y Valenciana.<\/p>\n<p>Nuestra dilatada experiencia profesional ha posicionado a Also Casals como una de las empresas de referencia en el sector, habiendo obtenido las homologaciones y acreditaciones que garantizan nuestra solvencia t\u00e9cnica, como son las siguientes:<\/p>\n<ul class=\"blurb\">\n<li>Clasificaci\u00f3n empresarial para la higienizaci\u00f3n, desinsectaci\u00f3n, desinfecci\u00f3n y desratizaci\u00f3n de las instalaciones a nivel nacional, otorgado por la Junta de Contrataci\u00f3n del Ministerio de Econom\u00eda y Hacienda.<\/li>\n<li>Empresa inscrita en el Registro Oficial de Establecimientos y Servicios Plaguicidas (ROESP).<\/li>\n<li>Empresa inscrita en el Registro industrial.<\/li>\n<\/ul>\n<p><span style=\"font-size: 18px; font-weight: bold; color: #4d4c4d;\"><br \/>\nCalidad &#8211; Servicio &#8211; Innovaci\u00f3n &#8211; Formaci\u00f3n \u2013 Seguridad<br \/>\n<\/span>[\/et_pb_text][\/et_pb_column][et_pb_column type=\u00bb1_2&#8243; _builder_version=\u00bb3.25&#8243; custom_padding=\u00bb|||\u00bb global_colors_info=\u00bb{}\u00bb custom_padding__hover=\u00bb|||\u00bb][et_pb_image src=\u00bbhttps:\/\/www.aclegionela.com\/wp-content\/uploads\/2022\/02\/ACL-sidebar.png\u00bb title_text=\u00bbACL-sidebar\u00bb align=\u00bbcenter\u00bb align_tablet=\u00bbcenter\u00bb align_phone=\u00bbcenter\u00bb align_last_edited=\u00bbon|desktop\u00bb _builder_version=\u00bb4.14.7&#8243; always_center_on_mobile=\u00bbon\u00bb global_colors_info=\u00bb{}\u00bb][\/et_pb_image][et_pb_image _builder_version=\u00bb4.14.8&#8243; _module_preset=\u00bbdefault\u00bb title_text=\u00bbempresa-meitat\u00bb src=\u00bbhttps:\/\/www.aclegionela.com\/wp-content\/uploads\/2022\/02\/empresa-meitat.jpg\u00bb align=\u00bbcenter\u00bb hover_enabled=\u00bb0&#8243; sticky_enabled=\u00bb0&#8243;][\/et_pb_image][\/et_pb_column][\/et_pb_row][\/et_pb_section]<\/p>\n","protected":false},"excerpt":{"rendered":"<p>Qui\u00e9nes somosAC Legionel\u00b7la forma parte de la Unidad de Negocios de AC Mantenimient que tiene la misi\u00f3n de integrar soluciones innovadoras en el \u00e1mbito del tratamiento de aguas y lucha contra la legionela, con capacidad para asumir proyectos complejos de forma \u00e1gil, respondiendo as\u00ed a las necesidades del cliente con un equipo t\u00e9cnico, especializado y [&hellip;]<\/p>\n","protected":false},"author":2,"featured_media":0,"parent":0,"menu_order":0,"comment_status":"closed","ping_status":"closed","template":"","meta":{"_et_pb_use_builder":"on","_et_pb_old_content":"","_et_gb_content_width":"","footnotes":""},"class_list":["post-147","page","type-page","status-publish","hentry"],"yoast_head":"<!-- This site is optimized with the Yoast SEO plugin v27.4 - https:\/\/yoast.com\/product\/yoast-seo-wordpress\/ -->\n<title>Qui\u00e9nes somos | Conoced nuestras soluciones | AC Legionel\u00b7la<\/title>\n<meta name=\"description\" content=\"AC Legionel\u00b7la es el departamento especializado en tratamientos de agua Also Casals Instal\u00b7lacions SL, empresa con m\u00e1s de 20 a\u00f1os de experiencia. Con\u00f3cenos\" \/>\n<meta name=\"robots\" content=\"index, follow, max-snippet:-1, max-image-preview:large, max-video-preview:-1\" \/>\n<link rel=\"canonical\" href=\"https:\/\/www.aclegionela.com\/es\/empresa\/\" \/>\n<meta property=\"og:locale\" content=\"es_ES\" \/>\n<meta property=\"og:type\" content=\"article\" \/>\n<meta property=\"og:title\" content=\"Qui\u00e9nes somos | Conoced nuestras soluciones | AC Legionel\u00b7la\" \/>\n<meta property=\"og:description\" content=\"AC Legionel\u00b7la es el departamento especializado en tratamientos de agua Also Casals Instal\u00b7lacions SL, empresa con m\u00e1s de 20 a\u00f1os de experiencia. Con\u00f3cenos\" \/>\n<meta property=\"og:url\" content=\"https:\/\/www.aclegionela.com\/es\/empresa\/\" \/>\n<meta property=\"og:site_name\" content=\"ACLegionela\" \/>\n<meta property=\"article:modified_time\" content=\"2022-02-22T10:50:07+00:00\" \/>\n<meta name=\"twitter:card\" content=\"summary_large_image\" \/>\n<meta name=\"twitter:label1\" content=\"Tiempo de lectura\" \/>\n\t<meta name=\"twitter:data1\" content=\"2 minutos\" \/>\n<script type=\"application\/ld+json\" class=\"yoast-schema-graph\">{\"@context\":\"https:\\\/\\\/schema.org\",\"@graph\":[{\"@type\":\"WebPage\",\"@id\":\"https:\\\/\\\/www.aclegionela.com\\\/es\\\/empresa\\\/\",\"url\":\"https:\\\/\\\/www.aclegionela.com\\\/es\\\/empresa\\\/\",\"name\":\"Qui\u00e9nes somos | Conoced nuestras soluciones | AC Legionel\u00b7la\",\"isPartOf\":{\"@id\":\"https:\\\/\\\/www.aclegionela.com\\\/#website\"},\"datePublished\":\"2018-04-26T13:26:49+00:00\",\"dateModified\":\"2022-02-22T10:50:07+00:00\",\"description\":\"AC Legionel\u00b7la es el departamento especializado en tratamientos de agua Also Casals Instal\u00b7lacions SL, empresa con m\u00e1s de 20 a\u00f1os de experiencia. Con\u00f3cenos\",\"breadcrumb\":{\"@id\":\"https:\\\/\\\/www.aclegionela.com\\\/es\\\/empresa\\\/#breadcrumb\"},\"inLanguage\":\"es\",\"potentialAction\":[{\"@type\":\"ReadAction\",\"target\":[\"https:\\\/\\\/www.aclegionela.com\\\/es\\\/empresa\\\/\"]}]},{\"@type\":\"BreadcrumbList\",\"@id\":\"https:\\\/\\\/www.aclegionela.com\\\/es\\\/empresa\\\/#breadcrumb\",\"itemListElement\":[{\"@type\":\"ListItem\",\"position\":1,\"name\":\"Portada\",\"item\":\"https:\\\/\\\/www.aclegionela.com\\\/es\\\/home\\\/\"},{\"@type\":\"ListItem\",\"position\":2,\"name\":\"Qui\u00e9nes somos\"}]},{\"@type\":\"WebSite\",\"@id\":\"https:\\\/\\\/www.aclegionela.com\\\/#website\",\"url\":\"https:\\\/\\\/www.aclegionela.com\\\/\",\"name\":\"ACLegionela\",\"description\":\"Expertos en tratamientos de aguas y soluciones contra la legionela\",\"potentialAction\":[{\"@type\":\"SearchAction\",\"target\":{\"@type\":\"EntryPoint\",\"urlTemplate\":\"https:\\\/\\\/www.aclegionela.com\\\/?s={search_term_string}\"},\"query-input\":{\"@type\":\"PropertyValueSpecification\",\"valueRequired\":true,\"valueName\":\"search_term_string\"}}],\"inLanguage\":\"es\"}]}<\/script>\n<!-- \/ Yoast SEO plugin. -->","yoast_head_json":{"title":"Qui\u00e9nes somos | Conoced nuestras soluciones | AC Legionel\u00b7la","description":"AC Legionel\u00b7la es el departamento especializado en tratamientos de agua Also Casals Instal\u00b7lacions SL, empresa con m\u00e1s de 20 a\u00f1os de experiencia. Con\u00f3cenos","robots":{"index":"index","follow":"follow","max-snippet":"max-snippet:-1","max-image-preview":"max-image-preview:large","max-video-preview":"max-video-preview:-1"},"canonical":"https:\/\/www.aclegionela.com\/es\/empresa\/","og_locale":"es_ES","og_type":"article","og_title":"Qui\u00e9nes somos | Conoced nuestras soluciones | AC Legionel\u00b7la","og_description":"AC Legionel\u00b7la es el departamento especializado en tratamientos de agua Also Casals Instal\u00b7lacions SL, empresa con m\u00e1s de 20 a\u00f1os de experiencia. Con\u00f3cenos","og_url":"https:\/\/www.aclegionela.com\/es\/empresa\/","og_site_name":"ACLegionela","article_modified_time":"2022-02-22T10:50:07+00:00","twitter_card":"summary_large_image","twitter_misc":{"Tiempo de lectura":"2 minutos"},"schema":{"@context":"https:\/\/schema.org","@graph":[{"@type":"WebPage","@id":"https:\/\/www.aclegionela.com\/es\/empresa\/","url":"https:\/\/www.aclegionela.com\/es\/empresa\/","name":"Qui\u00e9nes somos | Conoced nuestras soluciones | AC Legionel\u00b7la","isPartOf":{"@id":"https:\/\/www.aclegionela.com\/#website"},"datePublished":"2018-04-26T13:26:49+00:00","dateModified":"2022-02-22T10:50:07+00:00","description":"AC Legionel\u00b7la es el departamento especializado en tratamientos de agua Also Casals Instal\u00b7lacions SL, empresa con m\u00e1s de 20 a\u00f1os de experiencia. Con\u00f3cenos","breadcrumb":{"@id":"https:\/\/www.aclegionela.com\/es\/empresa\/#breadcrumb"},"inLanguage":"es","potentialAction":[{"@type":"ReadAction","target":["https:\/\/www.aclegionela.com\/es\/empresa\/"]}]},{"@type":"BreadcrumbList","@id":"https:\/\/www.aclegionela.com\/es\/empresa\/#breadcrumb","itemListElement":[{"@type":"ListItem","position":1,"name":"Portada","item":"https:\/\/www.aclegionela.com\/es\/home\/"},{"@type":"ListItem","position":2,"name":"Qui\u00e9nes somos"}]},{"@type":"WebSite","@id":"https:\/\/www.aclegionela.com\/#website","url":"https:\/\/www.aclegionela.com\/","name":"ACLegionela","description":"Expertos en tratamientos de aguas y soluciones contra la legionela","potentialAction":[{"@type":"SearchAction","target":{"@type":"EntryPoint","urlTemplate":"https:\/\/www.aclegionela.com\/?s={search_term_string}"},"query-input":{"@type":"PropertyValueSpecification","valueRequired":true,"valueName":"search_term_string"}}],"inLanguage":"es"}]}},"_links":{"self":[{"href":"https:\/\/www.aclegionela.com\/es\/wp-json\/wp\/v2\/pages\/147","targetHints":{"allow":["GET"]}}],"collection":[{"href":"https:\/\/www.aclegionela.com\/es\/wp-json\/wp\/v2\/pages"}],"about":[{"href":"https:\/\/www.aclegionela.com\/es\/wp-json\/wp\/v2\/types\/page"}],"author":[{"embeddable":true,"href":"https:\/\/www.aclegionela.com\/es\/wp-json\/wp\/v2\/users\/2"}],"replies":[{"embeddable":true,"href":"https:\/\/www.aclegionela.com\/es\/wp-json\/wp\/v2\/comments?post=147"}],"version-history":[{"count":21,"href":"https:\/\/www.aclegionela.com\/es\/wp-json\/wp\/v2\/pages\/147\/revisions"}],"predecessor-version":[{"id":811,"href":"https:\/\/www.aclegionela.com\/es\/wp-json\/wp\/v2\/pages\/147\/revisions\/811"}],"wp:attachment":[{"href":"https:\/\/www.aclegionela.com\/es\/wp-json\/wp\/v2\/media?parent=147"}],"curies":[{"name":"wp","href":"https:\/\/api.w.org\/{rel}","templated":true}]}}