{"id":136,"date":"2018-04-26T12:59:28","date_gmt":"2018-04-26T12:59:28","guid":{"rendered":"https:\/\/www.aclegionela.com\/aviso-legal\/"},"modified":"2022-03-10T12:39:12","modified_gmt":"2022-03-10T10:39:12","slug":"aviso-legal","status":"publish","type":"page","link":"https:\/\/www.aclegionela.com\/es\/aviso-legal\/","title":{"rendered":"Aviso Legal"},"content":{"rendered":"<p>[et_pb_section fb_built=\u00bb1&#8243; _builder_version=\u00bb3.22&#8243; global_colors_info=\u00bb{}\u00bb][et_pb_row _builder_version=\u00bb3.25&#8243; background_size=\u00bbinitial\u00bb background_position=\u00bbtop_left\u00bb background_repeat=\u00bbrepeat\u00bb global_colors_info=\u00bb{}\u00bb][et_pb_column type=\u00bb4_4&#8243; _builder_version=\u00bb3.25&#8243; custom_padding=\u00bb|||\u00bb global_colors_info=\u00bb{}\u00bb custom_padding__hover=\u00bb|||\u00bb][et_pb_text _builder_version=\u00bb4.14.8&#8243; hover_enabled=\u00bb0&#8243; global_colors_info=\u00bb{}\u00bb sticky_enabled=\u00bb0&#8243;]<\/p>\n<h1 style=\"#000;\">Aviso legal<\/h1>\n<p><strong>Informaci\u00f3n Corporativa<\/strong><\/p>\n<p><span style=\"vertical-align: inherit;\"><span style=\"vertical-align: inherit;\">En virtud de las obligaciones establecidas por la Ley 34\/2002, de Servicios de la Sociedad de la Informaci\u00f3n y de Comercio Electr\u00f3nico, le informamos que esta p\u00e1gina web es propiedad de Also Casals Instal.lacions, S.L., con CIF B43831593 con domicilio en PI BAIX EBRE, CALLE y, NAVE 312, 43500 TORTOSA, (Tarragona) y con los siguientes datos de contacto: 977445339 \/ ralsoj@alsocasals.com. <\/span><\/span><br \/>\n<span style=\"vertical-align: inherit;\"><span style=\"vertical-align: inherit;\">Esta sociedad consta inscrita en el Registro Mercantil.<\/span><\/span><\/p>\n<p><strong><span style=\"vertical-align: inherit;\"><span style=\"vertical-align: inherit;\">Protecci\u00f3n de Contenidos<\/span><\/span><\/strong><\/p>\n<p><span style=\"vertical-align: inherit;\"><span style=\"vertical-align: inherit;\">El usuario reconoce y acepta que todos los derechos de propiedad industrial e intelectual sobre los contenidos y \/ o cualesquiera otros elementos insertados por Also Casals Instal.lacions, S.L. en esta p\u00e1gina Web (incluyendo, a t\u00edtulo meramente enunciativo y no limitativo, todos aquellos elementos que conforman la apariencia visual, imagen gr\u00e1fica y otros est\u00edmulos sensoriales del sitio web o \u00ablook and feel\u00bb: marcas, logotipos, nombres comerciales, textos, im\u00e1genes, gr\u00e1ficos, dise\u00f1os, sonidos, bases de datos, software, diagramas de flujo, presentaci\u00f3n, arquitectura de navegaci\u00f3n, as\u00ed como los c\u00f3digos fuente de las p\u00e1ginas web) pertenecen a Also Casals Instal.lacions, S.L. y \/ oa terceros a los que les han sido cedidos sus derechos.<\/span><\/span><\/p>\n<p><span style=\"vertical-align: inherit;\"><span style=\"vertical-align: inherit;\">En ning\u00fan caso, el acceso al Sitio Web implica alg\u00fan tipo de permiso, renuncia, transmisi\u00f3n, licencia o cesi\u00f3n total ni parcial de dichos derechos por parte de sus titulares, salvo que se establezca expresamente lo contrario. <\/span><span style=\"vertical-align: inherit;\">Estos t\u00e9rminos y condiciones de uso del Sitio Web no confieren a los Usuarios ning\u00fan otro derecho de utilizaci\u00f3n, alteraci\u00f3n, explotaci\u00f3n, reproducci\u00f3n, distribuci\u00f3n o comunicaci\u00f3n p\u00fablica del Sitio Web y \/ o de sus contenidos diferente a los aqu\u00ed expresamente previstos.<\/span><\/span><\/p>\n<p><span style=\"vertical-align: inherit;\"><span style=\"vertical-align: inherit;\">Queda totalmente prohibida la utilizaci\u00f3n de estos elementos, su total o parcial reproducci\u00f3n, comunicaci\u00f3n y \/ o distribuci\u00f3n con fines comerciales o lucrativos, as\u00ed como su modificaci\u00f3n, alteraci\u00f3n, descompilaci\u00f3n y \/ o cualquier otro acto de explotaci\u00f3n del Sitio Web. <\/span><\/span><br \/>\n<span style=\"vertical-align: inherit;\"><span style=\"vertical-align: inherit;\">Sin perjuicio de lo anterior, si el usuario o un tercero estima que alg\u00fan contenido del Sitio Web puede vulnerar los derechos de propiedad intelectual e industrial, rogamos que lo que lo notifique lo antes posible.<\/span><\/span><\/p>\n<p><strong><span style=\"vertical-align: inherit;\"><span style=\"vertical-align: inherit;\">Acceso y Uso del Sitio Web<\/span><\/span><\/strong><\/p>\n<p><span style=\"vertical-align: inherit;\"><span style=\"vertical-align: inherit;\">Tanto el acceso al Sitio Web como el uso no consentido que pueda hacerse de la informaci\u00f3n contenida en la p\u00e1gina es exclusivamente responsabilidad de quien lo realiza.<\/span><\/span><\/p>\n<p><span style=\"vertical-align: inherit;\"><span style=\"vertical-align: inherit;\">El usuario se compromete a utilizar los contenidos, informaci\u00f3n y datos del Sitio Web de conformidad con las condiciones, t\u00e9rminos y pol\u00edticas vigentes, con la normativa de aplicaci\u00f3n y con las buenas costumbres generalmente aceptadas y el orden p\u00fablico.<\/span><\/span><\/p>\n<p><span style=\"vertical-align: inherit;\"><span style=\"vertical-align: inherit;\">El usuario se abstendr\u00e1 de utilizar los contenidos del Sitio Web con fines o efectos il\u00edcitos, prohibidos o contrarios a los aqu\u00ed establecidos, lesivos de los derechos e intereses de Also Casals Instal.lacions, S.L., del resto de usuarios, de terceros o que de cualquier forma puedan da\u00f1ar, inutilizar, sobrecargar o deteriorar este Sitio Web o impedir la normal utilizaci\u00f3n o el hecho de disfrutar de ellas por parte de los usuarios.<\/span><\/span><\/p>\n<p><span style=\"vertical-align: inherit;\"><span style=\"vertical-align: inherit;\">Also Casals Instal.lacions, S.L. no responder\u00e1 de ninguna consecuencia, da\u00f1o o perjuicio que pudiera derivarse de dicho acceso o uso o del incumplimiento de las presentes condiciones, t\u00e9rminos y pol\u00edticas ni se har\u00e1 responsable de los errores de seguridad que se puedan producir ni de los desperfectos que se puedan causar al sistema inform\u00e1tico del usuario (hardware y software) o los ficheros o documentos almacenados en el mismo como consecuencia de:<\/span><\/span><\/p>\n<ol>\n<li><span style=\"vertical-align: inherit;\"><span style=\"vertical-align: inherit;\">la presencia de un virus en el ordenador del usuario que sea utilizado para la conexi\u00f3n a los servicios y \/ o productos ofrecidos por Also Casals Instal.lacions, S.L. a trav\u00e9s de su Sitio Web;<\/span><\/span><\/li>\n<li><span style=\"vertical-align: inherit;\"><span style=\"vertical-align: inherit;\">un mal funcionamiento del navegador;<\/span><\/span><\/li>\n<li><span style=\"vertical-align: inherit;\"><span style=\"vertical-align: inherit;\">el uso de versiones no actualizadas del sistema.<\/span><\/span><\/li>\n<\/ol>\n<p>&nbsp;<\/p>\n<p><strong><span style=\"vertical-align: inherit;\"><span style=\"vertical-align: inherit;\">Enlaces a terceros<\/span><\/span><\/strong><\/p>\n<p><span style=\"vertical-align: inherit;\"><span style=\"vertical-align: inherit;\">En este Sitio Web se pueden utilizar enlaces a otras p\u00e1ginas web. <\/span><span style=\"vertical-align: inherit;\">Also Casals Instal.lacions, S.L. no se responsabiliza ni del contenido ni de las medidas de seguridad adoptadas por cualquier otra p\u00e1gina web a la que se tiene acceso desde este Sitio Web, p\u00e1ginas a las que el interesado accede bajo su \u00fanica responsabilidad .<\/span><\/span><\/p>\n<p><span style=\"vertical-align: inherit;\"><span style=\"vertical-align: inherit;\">Del mismo modo, tampoco se garantiza la ausencia de virus u otros elementos en los contenidos enlazados desde el Sitio Web de Also Casals Instal.lacions, S.L. que puedan producir alteraciones en el sistema inform\u00e1tico (hardware y software) y \/ o en los documentos o los ficheros del usuario, eximiendo igualmente Also Casals Instal.lacions, S.L. de toda responsabilidad derivada de los da\u00f1os de cualquier tipo ocasionados por todo lo descrito anteriormente.<\/span><\/span><br \/>\n[\/et_pb_text][\/et_pb_column][\/et_pb_row][\/et_pb_section]<\/p>\n","protected":false},"excerpt":{"rendered":"<p>Aviso legal Informaci\u00f3n Corporativa En virtud de las obligaciones establecidas por la Ley 34\/2002, de Servicios de la Sociedad de la Informaci\u00f3n y de Comercio Electr\u00f3nico, le informamos que esta p\u00e1gina web es propiedad de Also Casals Instal.lacions, S.L., con CIF B43831593 con domicilio en PI BAIX EBRE, CALLE y, NAVE 312, 43500 TORTOSA, (Tarragona) [&hellip;]<\/p>\n","protected":false},"author":2,"featured_media":0,"parent":0,"menu_order":0,"comment_status":"closed","ping_status":"closed","template":"","meta":{"_et_pb_use_builder":"on","_et_pb_old_content":"","_et_gb_content_width":"","footnotes":""},"class_list":["post-136","page","type-page","status-publish","hentry"],"yoast_head":"<!-- This site is optimized with the Yoast SEO plugin v27.4 - https:\/\/yoast.com\/product\/yoast-seo-wordpress\/ -->\n<title>Aviso Legal - ACLegionela<\/title>\n<meta name=\"robots\" content=\"noindex, follow\" \/>\n<meta property=\"og:locale\" content=\"es_ES\" \/>\n<meta property=\"og:type\" content=\"article\" \/>\n<meta property=\"og:title\" content=\"Aviso Legal - ACLegionela\" \/>\n<meta property=\"og:description\" content=\"Aviso legal Informaci\u00f3n Corporativa En virtud de las obligaciones establecidas por la Ley 34\/2002, de Servicios de la Sociedad de la Informaci\u00f3n y de Comercio Electr\u00f3nico, le informamos que esta p\u00e1gina web es propiedad de Also Casals Instal.lacions, S.L., con CIF B43831593 con domicilio en PI BAIX EBRE, CALLE y, NAVE 312, 43500 TORTOSA, (Tarragona) [&hellip;]\" \/>\n<meta property=\"og:url\" content=\"https:\/\/www.aclegionela.com\/es\/aviso-legal\/\" \/>\n<meta property=\"og:site_name\" content=\"ACLegionela\" \/>\n<meta property=\"article:modified_time\" content=\"2022-03-10T10:39:12+00:00\" \/>\n<meta name=\"twitter:card\" content=\"summary_large_image\" \/>\n<meta name=\"twitter:label1\" content=\"Tiempo de lectura\" \/>\n\t<meta name=\"twitter:data1\" content=\"4 minutos\" \/>\n<script type=\"application\/ld+json\" class=\"yoast-schema-graph\">{\"@context\":\"https:\\\/\\\/schema.org\",\"@graph\":[{\"@type\":\"WebPage\",\"@id\":\"https:\\\/\\\/www.aclegionela.com\\\/es\\\/aviso-legal\\\/\",\"url\":\"https:\\\/\\\/www.aclegionela.com\\\/es\\\/aviso-legal\\\/\",\"name\":\"Aviso Legal - ACLegionela\",\"isPartOf\":{\"@id\":\"https:\\\/\\\/www.aclegionela.com\\\/#website\"},\"datePublished\":\"2018-04-26T12:59:28+00:00\",\"dateModified\":\"2022-03-10T10:39:12+00:00\",\"breadcrumb\":{\"@id\":\"https:\\\/\\\/www.aclegionela.com\\\/es\\\/aviso-legal\\\/#breadcrumb\"},\"inLanguage\":\"es\",\"potentialAction\":[{\"@type\":\"ReadAction\",\"target\":[\"https:\\\/\\\/www.aclegionela.com\\\/es\\\/aviso-legal\\\/\"]}]},{\"@type\":\"BreadcrumbList\",\"@id\":\"https:\\\/\\\/www.aclegionela.com\\\/es\\\/aviso-legal\\\/#breadcrumb\",\"itemListElement\":[{\"@type\":\"ListItem\",\"position\":1,\"name\":\"Portada\",\"item\":\"https:\\\/\\\/www.aclegionela.com\\\/es\\\/home\\\/\"},{\"@type\":\"ListItem\",\"position\":2,\"name\":\"Aviso Legal\"}]},{\"@type\":\"WebSite\",\"@id\":\"https:\\\/\\\/www.aclegionela.com\\\/#website\",\"url\":\"https:\\\/\\\/www.aclegionela.com\\\/\",\"name\":\"ACLegionela\",\"description\":\"Expertos en tratamientos de aguas y soluciones contra la legionela\",\"potentialAction\":[{\"@type\":\"SearchAction\",\"target\":{\"@type\":\"EntryPoint\",\"urlTemplate\":\"https:\\\/\\\/www.aclegionela.com\\\/?s={search_term_string}\"},\"query-input\":{\"@type\":\"PropertyValueSpecification\",\"valueRequired\":true,\"valueName\":\"search_term_string\"}}],\"inLanguage\":\"es\"}]}<\/script>\n<!-- \/ Yoast SEO plugin. -->","yoast_head_json":{"title":"Aviso Legal - ACLegionela","robots":{"index":"noindex","follow":"follow"},"og_locale":"es_ES","og_type":"article","og_title":"Aviso Legal - ACLegionela","og_description":"Aviso legal Informaci\u00f3n Corporativa En virtud de las obligaciones establecidas por la Ley 34\/2002, de Servicios de la Sociedad de la Informaci\u00f3n y de Comercio Electr\u00f3nico, le informamos que esta p\u00e1gina web es propiedad de Also Casals Instal.lacions, S.L., con CIF B43831593 con domicilio en PI BAIX EBRE, CALLE y, NAVE 312, 43500 TORTOSA, (Tarragona) [&hellip;]","og_url":"https:\/\/www.aclegionela.com\/es\/aviso-legal\/","og_site_name":"ACLegionela","article_modified_time":"2022-03-10T10:39:12+00:00","twitter_card":"summary_large_image","twitter_misc":{"Tiempo de lectura":"4 minutos"},"schema":{"@context":"https:\/\/schema.org","@graph":[{"@type":"WebPage","@id":"https:\/\/www.aclegionela.com\/es\/aviso-legal\/","url":"https:\/\/www.aclegionela.com\/es\/aviso-legal\/","name":"Aviso Legal - ACLegionela","isPartOf":{"@id":"https:\/\/www.aclegionela.com\/#website"},"datePublished":"2018-04-26T12:59:28+00:00","dateModified":"2022-03-10T10:39:12+00:00","breadcrumb":{"@id":"https:\/\/www.aclegionela.com\/es\/aviso-legal\/#breadcrumb"},"inLanguage":"es","potentialAction":[{"@type":"ReadAction","target":["https:\/\/www.aclegionela.com\/es\/aviso-legal\/"]}]},{"@type":"BreadcrumbList","@id":"https:\/\/www.aclegionela.com\/es\/aviso-legal\/#breadcrumb","itemListElement":[{"@type":"ListItem","position":1,"name":"Portada","item":"https:\/\/www.aclegionela.com\/es\/home\/"},{"@type":"ListItem","position":2,"name":"Aviso Legal"}]},{"@type":"WebSite","@id":"https:\/\/www.aclegionela.com\/#website","url":"https:\/\/www.aclegionela.com\/","name":"ACLegionela","description":"Expertos en tratamientos de aguas y soluciones contra la legionela","potentialAction":[{"@type":"SearchAction","target":{"@type":"EntryPoint","urlTemplate":"https:\/\/www.aclegionela.com\/?s={search_term_string}"},"query-input":{"@type":"PropertyValueSpecification","valueRequired":true,"valueName":"search_term_string"}}],"inLanguage":"es"}]}},"_links":{"self":[{"href":"https:\/\/www.aclegionela.com\/es\/wp-json\/wp\/v2\/pages\/136","targetHints":{"allow":["GET"]}}],"collection":[{"href":"https:\/\/www.aclegionela.com\/es\/wp-json\/wp\/v2\/pages"}],"about":[{"href":"https:\/\/www.aclegionela.com\/es\/wp-json\/wp\/v2\/types\/page"}],"author":[{"embeddable":true,"href":"https:\/\/www.aclegionela.com\/es\/wp-json\/wp\/v2\/users\/2"}],"replies":[{"embeddable":true,"href":"https:\/\/www.aclegionela.com\/es\/wp-json\/wp\/v2\/comments?post=136"}],"version-history":[{"count":6,"href":"https:\/\/www.aclegionela.com\/es\/wp-json\/wp\/v2\/pages\/136\/revisions"}],"predecessor-version":[{"id":821,"href":"https:\/\/www.aclegionela.com\/es\/wp-json\/wp\/v2\/pages\/136\/revisions\/821"}],"wp:attachment":[{"href":"https:\/\/www.aclegionela.com\/es\/wp-json\/wp\/v2\/media?parent=136"}],"curies":[{"name":"wp","href":"https:\/\/api.w.org\/{rel}","templated":true}]}}